{"id":917,"date":"2019-02-02T18:59:05","date_gmt":"2019-02-02T18:59:05","guid":{"rendered":"http:\/\/joanpahisa.com\/?page_id=917"},"modified":"2019-03-19T15:58:57","modified_gmt":"2019-03-19T15:58:57","slug":"about-the-engineer","status":"publish","type":"page","link":"http:\/\/joanpahisa.com\/es\/about-the-engineer\/","title":{"rendered":"Sobre el ingeniero","raw":"Sobre el ingeniero"},"content":{"rendered":"\n<figure class=\"wp-block-image\"><img decoding=\"async\" loading=\"lazy\" width=\"1024\" height=\"442\" src=\"http:\/\/joanpahisa.com\/wp-content\/uploads\/2015\/01\/Captura-de-Pantalla-2019-02-02-a-les-19.03.50-e1549132869811-1024x442.png\" alt=\"Grup de Jocomunico al Parc de Recerca\" class=\"wp-image-915\" srcset=\"http:\/\/joanpahisa.com\/wp-content\/uploads\/2015\/01\/Captura-de-Pantalla-2019-02-02-a-les-19.03.50-e1549132869811-1024x442.png 1024w, http:\/\/joanpahisa.com\/wp-content\/uploads\/2015\/01\/Captura-de-Pantalla-2019-02-02-a-les-19.03.50-e1549132869811-300x130.png 300w, http:\/\/joanpahisa.com\/wp-content\/uploads\/2015\/01\/Captura-de-Pantalla-2019-02-02-a-les-19.03.50-e1549132869811-768x332.png 768w, http:\/\/joanpahisa.com\/wp-content\/uploads\/2015\/01\/Captura-de-Pantalla-2019-02-02-a-les-19.03.50-e1549132869811.png 1366w\" sizes=\"(max-width: 1024px) 100vw, 1024px\" \/><\/figure>\n\n\n\n<p>En diciembre de 2017, termin\u00e9 el <strong>doctorado en Inform\u00e1tica<\/strong> en la <a rel=\"noreferrer noopener\" aria-label=\"Universidad Aut\u00f3noma de Barcelona (opens in a new tab)\" href=\"https:\/\/www.uab.cat\/\" target=\"_blank\">Universidad Aut\u00f3noma de Barcelona<\/a> (UAB). Durante la investigaci\u00f3n me especialic\u00e9 en <strong>Accesibilidad del Software, Traducci\u00f3n Autom\u00e1tica y Comunicaci\u00f3n Aumentativa y Alternativa<\/strong>. El t\u00edtulo de mi tesis es <em>&#8220;From Telegraphic to Natural Language: an Expansion System in a Pictogram-Based AAC Application&#8221;<\/em>. Pod\u00e9is encontrar el <strong>texto completo<\/strong>, as\u00ed como los detalles t\u00e9cnicos de la presentaci\u00f3n, en el repositorio de tesis doctorales <strong><a href=\"https:\/\/www.educacion.gob.es\/teseo\/mostrarRef.do?ref=1557705\" target=\"_blank\" rel=\"noreferrer noopener\" aria-label=\"TESEO (opens in a new tab)\">TESEO<\/a><\/strong>.<\/p>\n\n\n\n<p>En los \u00faltimos a\u00f1os de doctorado, <strong>dirig\u00ed y supervis\u00e9 grupos de estudiantes becados<\/strong> (entre los cuales ingenieros inform\u00e1ticos, traductores y dise\u00f1adores), desde Barcelona y Madrid, y juntos <strong>convertimos mi investigaci\u00f3n en una aplicaci\u00f3n llamada <a rel=\"noreferrer noopener\" aria-label=\"Jocomunico (opens in a new tab)\" href=\"https:\/\/jocomunico.com\" target=\"_blank\">Jocomunico<\/a> que expande autom\u00e1ticamente el lenguaje telegr\u00e1fico<\/strong> producto del uso de pictogramas -utilizados por personas con trastornos graves del habla- <strong>a frases en lenguaje natural<\/strong> en catal\u00e1n y en castellano.<\/p>\n\n\n\n<p>Durante su proceso de desarrollo, <strong>Jocomunico se prob\u00f3 con usuarios finales<\/strong> con par\u00e1lisis cerebral severa y diferentes grados de discapacidad intelectual. Los resultados de las sesiones <strong>est\u00e1n publicados en <a rel=\"noreferrer noopener\" aria-label=\"Assistive Technology (opens in a new tab)\" href=\"https:\/\/www.tandfonline.com\/doi\/full\/10.1080\/10400435.2017.1393844\" target=\"_blank\">Assistive Technology<\/a><\/strong>, la revista oficial de la Sociedad Norteamericana de Ingenier\u00eda Rehabilitadora y Tecnolog\u00eda Asistencial (RESNA).<\/p>\n\n\n\n<p>Actualmente, <strong>m\u00e1s de 2.000 personas utilizan la aplicaci\u00f3n<\/strong> desde su casa, en hospitales, escuelas de educaci\u00f3n especial y centros de d\u00eda para personas con discapacidad, entre otros. Para <strong>m\u00e1s informaci\u00f3n<\/strong> sobre Jocomunico, pod\u00e9is acceder a <strong><a href=\"\/es\/jocomunico\/\">su secci\u00f3n<\/a><\/strong> o ir directamente a <strong><a rel=\"noreferrer noopener\" aria-label=\"www.jocomunico.com (opens in a new tab)\" href=\"https:\/\/jocomunico.com\" target=\"_blank\">www.jocomunico.com<\/a><\/strong>.<\/p>\n\n\n\n<p>Antes de iniciar el doctorado, curs\u00e9 un <strong>M\u00e1ster Internacional Erasmus Mundus en Ling\u00fc\u00edstica y Procesamiento del Lenguaje Natural<\/strong>, con una beca Erasmus Mundus otorgada por la Uni\u00f3n Europea, justo despu\u00e9s de graduarme en <strong>Ingenier\u00eda T\u00e9cnica en Inform\u00e1tica de Gesti\u00f3n<\/strong> por la <a rel=\"noreferrer noopener\" aria-label=\"Universidad Polit\u00e9cnica de Catalu\u00f1a (opens in a new tab)\" href=\"https:\/\/www.upc.edu\/es\" target=\"_blank\">Universidad Polit\u00e9cnica de Catalu\u00f1a<\/a> (UPC) con la <strong>mejor nota media de la promoci\u00f3n de 2010<\/strong>.<\/p>\n\n\n\n<p>Adem\u00e1s de Jocomunico, desde que inici\u00e9 mis estudios de inform\u00e1tica, he estado <strong>involucrado en la gesti\u00f3n y en el desarrollo de varios proyectos de software<\/strong>, entre los que se encuentran tiendas en l\u00ednea, p\u00e1ginas web para compa\u00f1\u00edas y artistas o aplicaciones para m\u00f3viles.<\/p>\n","protected":false,"raw":"<!-- wp:image {\"id\":915} -->\n<figure class=\"wp-block-image\"><img src=\"http:\/\/joanpahisa.com\/wp-content\/uploads\/2015\/01\/Captura-de-Pantalla-2019-02-02-a-les-19.03.50-e1549132869811-1024x442.png\" alt=\"Grup de Jocomunico al Parc de Recerca\" class=\"wp-image-915\"\/><\/figure>\n<!-- \/wp:image -->\n\n<!-- wp:paragraph -->\n<p>En diciembre de 2017, termin\u00e9 el <strong>doctorado en Inform\u00e1tica<\/strong> en la <a rel=\"noreferrer noopener\" aria-label=\"Universidad Aut\u00f3noma de Barcelona (opens in a new tab)\" href=\"https:\/\/www.uab.cat\/\" target=\"_blank\">Universidad Aut\u00f3noma de Barcelona<\/a> (UAB). Durante la investigaci\u00f3n me especialic\u00e9 en <strong>Accesibilidad del Software, Traducci\u00f3n Autom\u00e1tica y Comunicaci\u00f3n Aumentativa y Alternativa<\/strong>. El t\u00edtulo de mi tesis es <em>\"From Telegraphic to Natural Language: an Expansion System in a Pictogram-Based AAC Application\"<\/em>. Pod\u00e9is encontrar el <strong>texto completo<\/strong>, as\u00ed como los detalles t\u00e9cnicos de la presentaci\u00f3n, en el repositorio de tesis doctorales <strong><a href=\"https:\/\/www.educacion.gob.es\/teseo\/mostrarRef.do?ref=1557705\" target=\"_blank\" rel=\"noreferrer noopener\" aria-label=\"TESEO (opens in a new tab)\">TESEO<\/a><\/strong>.<\/p>\n<!-- \/wp:paragraph -->\n\n<!-- wp:paragraph -->\n<p>En los \u00faltimos a\u00f1os de doctorado, <strong>dirig\u00ed y supervis\u00e9 grupos de estudiantes becados<\/strong> (entre los cuales ingenieros inform\u00e1ticos, traductores y dise\u00f1adores), desde Barcelona y Madrid, y juntos <strong>convertimos mi investigaci\u00f3n en una aplicaci\u00f3n llamada <a rel=\"noreferrer noopener\" aria-label=\"Jocomunico (opens in a new tab)\" href=\"https:\/\/jocomunico.com\" target=\"_blank\">Jocomunico<\/a> que expande autom\u00e1ticamente el lenguaje telegr\u00e1fico<\/strong> producto del uso de pictogramas -utilizados por personas con trastornos graves del habla- <strong>a frases en lenguaje natural<\/strong> en catal\u00e1n y en castellano.<\/p>\n<!-- \/wp:paragraph -->\n\n<!-- wp:paragraph -->\n<p>Durante su proceso de desarrollo, <strong>Jocomunico se prob\u00f3 con usuarios finales<\/strong> con par\u00e1lisis cerebral severa y diferentes grados de discapacidad intelectual. Los resultados de las sesiones <strong>est\u00e1n publicados en <a rel=\"noreferrer noopener\" aria-label=\"Assistive Technology (opens in a new tab)\" href=\"https:\/\/www.tandfonline.com\/doi\/full\/10.1080\/10400435.2017.1393844\" target=\"_blank\">Assistive Technology<\/a><\/strong>, la revista oficial de la Sociedad Norteamericana de Ingenier\u00eda Rehabilitadora y Tecnolog\u00eda Asistencial (RESNA).<\/p>\n<!-- \/wp:paragraph -->\n\n<!-- wp:paragraph -->\n<p>Actualmente, <strong>m\u00e1s de 2.000 personas utilizan la aplicaci\u00f3n<\/strong> desde su casa, en hospitales, escuelas de educaci\u00f3n especial y centros de d\u00eda para personas con discapacidad, entre otros. Para <strong>m\u00e1s informaci\u00f3n<\/strong> sobre Jocomunico, pod\u00e9is acceder a <strong><a href=\"\/es\/jocomunico\/\">su secci\u00f3n<\/a><\/strong> o ir directamente a <strong><a rel=\"noreferrer noopener\" aria-label=\"www.jocomunico.com (opens in a new tab)\" href=\"https:\/\/jocomunico.com\" target=\"_blank\">www.jocomunico.com<\/a><\/strong>.<\/p>\n<!-- \/wp:paragraph -->\n\n<!-- wp:paragraph -->\n<p>Antes de iniciar el doctorado, curs\u00e9 un <strong>M\u00e1ster Internacional Erasmus Mundus en Ling\u00fc\u00edstica y Procesamiento del Lenguaje Natural<\/strong>, con una beca Erasmus Mundus otorgada por la Uni\u00f3n Europea, justo despu\u00e9s de graduarme en <strong>Ingenier\u00eda T\u00e9cnica en Inform\u00e1tica de Gesti\u00f3n<\/strong> por la <a rel=\"noreferrer noopener\" aria-label=\"Universidad Polit\u00e9cnica de Catalu\u00f1a (opens in a new tab)\" href=\"https:\/\/www.upc.edu\/es\" target=\"_blank\">Universidad Polit\u00e9cnica de Catalu\u00f1a<\/a> (UPC) con la <strong>mejor nota media de la promoci\u00f3n de 2010<\/strong>.<\/p>\n<!-- \/wp:paragraph -->\n\n<!-- wp:paragraph -->\n<p>Adem\u00e1s de Jocomunico, desde que inici\u00e9 mis estudios de inform\u00e1tica, he estado <strong>involucrado en la gesti\u00f3n y en el desarrollo de varios proyectos de software<\/strong>, entre los que se encuentran tiendas en l\u00ednea, p\u00e1ginas web para compa\u00f1\u00edas y artistas o aplicaciones para m\u00f3viles.<\/p>\n<!-- \/wp:paragraph -->"},"excerpt":{"rendered":"","protected":false,"raw":""},"author":1,"featured_media":0,"parent":0,"menu_order":0,"comment_status":"closed","ping_status":"closed","template":"","meta":{"_ca_post_content":"<!-- wp:image {\"id\":915} -->\n<figure class=\"wp-block-image\"><img src=\"http:\/\/joanpahisa.com\/wp-content\/uploads\/2015\/01\/Captura-de-Pantalla-2019-02-02-a-les-19.03.50-e1549132869811-1024x442.png\" alt=\"Grup de Jocomunico al Parc de Recerca\" class=\"wp-image-915\"\/><\/figure>\n<!-- \/wp:image -->\n\n<!-- wp:paragraph -->\n<p>Al desembre del 2017, vaig acabar el <strong>doctorat en Inform\u00e0tica<\/strong> a la <a rel=\"noreferrer noopener\" aria-label=\"Universitat Aut\u00f2noma de Barcelona (opens in a new tab)\" href=\"https:\/\/www.uab.cat\/\" target=\"_blank\">Universitat Aut\u00f2noma de Barcelona<\/a> (UAB). Durant la recerca em vaig especialitzar en els camps de <strong>l'Accessibilitat del Software, la Traducci\u00f3 Autom\u00e0tica i la Comunicaci\u00f3 Augmentativa i Alternativa<\/strong>. El t\u00edtol de la meva tesi \u00e9s <em>\"From Telegraphic to Natural Language: an Expansion System in a Pictogram-Based AAC Application\"<\/em>. En podeu trobar el <strong>text complet<\/strong>, aix\u00ed com els detalls t\u00e8cnics de la presentaci\u00f3, al repositori de tesis doctorals <strong><a href=\"https:\/\/www.educacion.gob.es\/teseo\/mostrarRef.do?ref=1557705\" target=\"_blank\" rel=\"noreferrer noopener\" aria-label=\"TESEO (opens in a new tab)\">TESEO<\/a><\/strong>.<\/p>\n<!-- \/wp:paragraph -->\n\n<!-- wp:paragraph -->\n<p>Els darrers anys del doctorat <strong>vaig dirigir i supervisar grups d'estudiants amb&nbsp;beques<\/strong> (entre els quals hi havia enginyers inform\u00e0tics, traductors i disenyadors), des de Barcelona i Madrid, i junts <strong>vam convertir la meva recerca en una aplicaci\u00f3 anomenada <a rel=\"noreferrer noopener\" aria-label=\"Jocomunico (opens in a new tab)\" href=\"https:\/\/jocomunico.com\" target=\"_blank\">Jocomunico<\/a> que expandeix autom\u00e0ticament el llenguatge telegr\u00e0fic<\/strong> producte de l'\u00fas de pictogrames -utilitzats per persones amb transtorns greus de la parla- <strong>a frases en llenguatge natural<\/strong> en catal\u00e0 i castell\u00e0.<\/p>\n<!-- \/wp:paragraph -->\n\n<!-- wp:paragraph -->\n<p>Durant el proc\u00e9s de desnvolupament, <strong>Jocomunico es va provar amb usuaris finals<\/strong> amb par\u00e0lisis cerebrals severes i diferents graus de discapacitat intel\u00b7lectual. Els <strong>resultats<\/strong> de les sessions <strong>estan publicats a <a rel=\"noreferrer noopener\" aria-label=\"Assistive Technology (opens in a new tab)\" href=\"https:\/\/www.tandfonline.com\/doi\/full\/10.1080\/10400435.2017.1393844\" target=\"_blank\">Assistive Technology<\/a><\/strong>, la revista oficial de la Societat Nord-americana d'Enginyeria Rehabilitadora i Tecnologia Assistencial (RESNA).<\/p>\n<!-- \/wp:paragraph -->\n\n<!-- wp:paragraph -->\n<p>Actualment, <strong>m\u00e9s de 2.000 persones utilitzen l'aplicaci\u00f3<\/strong> des de casa seva, a hospitals, escoles d'educaci\u00f3 especial i centres de dia per a persones amb discapacitat, entre d'altres. Per a <strong>m\u00e9s informaci\u00f3<\/strong> sobre Jocomunico, podeu accedir a la seva <strong><a href=\"\/jocomunico\/\">pr\u00f2pia secci\u00f3<\/a><\/strong> o anar directament a <strong><a rel=\"noreferrer noopener\" aria-label=\"www.jocomunico.com (opens in a new tab)\" href=\"https:\/\/jocomunico.com\" target=\"_blank\">www.jocomunico.com<\/a><\/strong>.<\/p>\n<!-- \/wp:paragraph -->\n\n<!-- wp:paragraph -->\n<p>Abans d'iniciar el doctorat, vaig cursar un <strong>M\u00e0ster Internacional Erasmus Mundus&nbsp;de&nbsp;Ling\u00fc\u00edstica&nbsp;i&nbsp;Processament&nbsp;del&nbsp;Llenguatge&nbsp;Natural<\/strong>, amb una beca Erasmus Mundus atorgada per la Uni\u00f3 Europea, tot just despr\u00e9s de graduar-me de la <strong>carrera d'Enginyeria T\u00e8cnica en Inform\u00e0tica de Gesti\u00f3<\/strong> per la <a rel=\"noreferrer noopener\" aria-label=\"Universitat Polit\u00e8cnica de Catalunya (opens in a new tab)\" href=\"https:\/\/www.upc.edu\/ca\" target=\"_blank\">Universitat Polit\u00e8cnica de Catalunya<\/a> (UPC) amb la <strong>millor nota mitjana de la promoci\u00f3 de 2010<\/strong>.<\/p>\n<!-- \/wp:paragraph -->\n\n<!-- wp:paragraph -->\n<p>A m\u00e9s a m\u00e9s de Jocomunico, des que vaig iniciar els meus estudis d'inform\u00e0tica, he estat <strong>involucrat en la gesti\u00f3 i el desenvolupament de diversos projectes de software<\/strong>, entre els quals, botigues en l\u00ednia, p\u00e0gines web per a companyies i artistes o aplicacions per a m\u00f2bils.<\/p>\n<!-- \/wp:paragraph -->","_ca_post_name":"about-the-engineer","_ca_post_excerpt":"","_ca_post_title":"Sobre l'enginyer","_es_post_content":"<!-- wp:image {\"id\":915} -->\n<figure class=\"wp-block-image\"><img src=\"http:\/\/joanpahisa.com\/wp-content\/uploads\/2015\/01\/Captura-de-Pantalla-2019-02-02-a-les-19.03.50-e1549132869811-1024x442.png\" alt=\"Grup de Jocomunico al Parc de Recerca\" class=\"wp-image-915\"\/><\/figure>\n<!-- \/wp:image -->\n\n<!-- wp:paragraph -->\n<p>En diciembre de 2017, termin\u00e9 el <strong>doctorado en Inform\u00e1tica<\/strong> en la <a rel=\"noreferrer noopener\" aria-label=\"Universidad Aut\u00f3noma de Barcelona (opens in a new tab)\" href=\"https:\/\/www.uab.cat\/\" target=\"_blank\">Universidad Aut\u00f3noma de Barcelona<\/a> (UAB). Durante la investigaci\u00f3n me especialic\u00e9 en <strong>Accesibilidad del Software, Traducci\u00f3n Autom\u00e1tica y Comunicaci\u00f3n Aumentativa y Alternativa<\/strong>. El t\u00edtulo de mi tesis es <em>\"From Telegraphic to Natural Language: an Expansion System in a Pictogram-Based AAC Application\"<\/em>. Pod\u00e9is encontrar el <strong>texto completo<\/strong>, as\u00ed como los detalles t\u00e9cnicos de la presentaci\u00f3n, en el repositorio de tesis doctorales <strong><a href=\"https:\/\/www.educacion.gob.es\/teseo\/mostrarRef.do?ref=1557705\" target=\"_blank\" rel=\"noreferrer noopener\" aria-label=\"TESEO (opens in a new tab)\">TESEO<\/a><\/strong>.<\/p>\n<!-- \/wp:paragraph -->\n\n<!-- wp:paragraph -->\n<p>En los \u00faltimos a\u00f1os de doctorado, <strong>dirig\u00ed y supervis\u00e9 grupos de estudiantes becados<\/strong> (entre los cuales ingenieros inform\u00e1ticos, traductores y dise\u00f1adores), desde Barcelona y Madrid, y juntos <strong>convertimos mi investigaci\u00f3n en una aplicaci\u00f3n llamada <a rel=\"noreferrer noopener\" aria-label=\"Jocomunico (opens in a new tab)\" href=\"https:\/\/jocomunico.com\" target=\"_blank\">Jocomunico<\/a> que expande autom\u00e1ticamente el lenguaje telegr\u00e1fico<\/strong> producto del uso de pictogramas -utilizados por personas con trastornos graves del habla- <strong>a frases en lenguaje natural<\/strong> en catal\u00e1n y en castellano.<\/p>\n<!-- \/wp:paragraph -->\n\n<!-- wp:paragraph -->\n<p>Durante su proceso de desarrollo, <strong>Jocomunico se prob\u00f3 con usuarios finales<\/strong> con par\u00e1lisis cerebral severa y diferentes grados de discapacidad intelectual. Los resultados de las sesiones <strong>est\u00e1n publicados en <a rel=\"noreferrer noopener\" aria-label=\"Assistive Technology (opens in a new tab)\" href=\"https:\/\/www.tandfonline.com\/doi\/full\/10.1080\/10400435.2017.1393844\" target=\"_blank\">Assistive Technology<\/a><\/strong>, la revista oficial de la Sociedad Norteamericana de Ingenier\u00eda Rehabilitadora y Tecnolog\u00eda Asistencial (RESNA).<\/p>\n<!-- \/wp:paragraph -->\n\n<!-- wp:paragraph -->\n<p>Actualmente, <strong>m\u00e1s de 2.000 personas utilizan la aplicaci\u00f3n<\/strong> desde su casa, en hospitales, escuelas de educaci\u00f3n especial y centros de d\u00eda para personas con discapacidad, entre otros. Para <strong>m\u00e1s informaci\u00f3n<\/strong> sobre Jocomunico, pod\u00e9is acceder a <strong><a href=\"\/es\/jocomunico\/\">su secci\u00f3n<\/a><\/strong> o ir directamente a <strong><a rel=\"noreferrer noopener\" aria-label=\"www.jocomunico.com (opens in a new tab)\" href=\"https:\/\/jocomunico.com\" target=\"_blank\">www.jocomunico.com<\/a><\/strong>.<\/p>\n<!-- \/wp:paragraph -->\n\n<!-- wp:paragraph -->\n<p>Antes de iniciar el doctorado, curs\u00e9 un <strong>M\u00e1ster Internacional Erasmus Mundus en Ling\u00fc\u00edstica y Procesamiento del Lenguaje Natural<\/strong>, con una beca Erasmus Mundus otorgada por la Uni\u00f3n Europea, justo despu\u00e9s de graduarme en <strong>Ingenier\u00eda T\u00e9cnica en Inform\u00e1tica de Gesti\u00f3n<\/strong> por la <a rel=\"noreferrer noopener\" aria-label=\"Universidad Polit\u00e9cnica de Catalu\u00f1a (opens in a new tab)\" href=\"https:\/\/www.upc.edu\/es\" target=\"_blank\">Universidad Polit\u00e9cnica de Catalu\u00f1a<\/a> (UPC) con la <strong>mejor nota media de la promoci\u00f3n de 2010<\/strong>.<\/p>\n<!-- \/wp:paragraph -->\n\n<!-- wp:paragraph -->\n<p>Adem\u00e1s de Jocomunico, desde que inici\u00e9 mis estudios de inform\u00e1tica, he estado <strong>involucrado en la gesti\u00f3n y en el desarrollo de varios proyectos de software<\/strong>, entre los que se encuentran tiendas en l\u00ednea, p\u00e1ginas web para compa\u00f1\u00edas y artistas o aplicaciones para m\u00f3viles.<\/p>\n<!-- \/wp:paragraph -->","_es_post_name":"about-the-engineer","_es_post_excerpt":"","_es_post_title":"Sobre el ingeniero","_en_post_content":"<!-- wp:image {\"id\":915} -->\n<figure class=\"wp-block-image\"><img src=\"http:\/\/joanpahisa.com\/wp-content\/uploads\/2015\/01\/Captura-de-Pantalla-2019-02-02-a-les-19.03.50-e1549132869811-1024x442.png\" alt=\"Grup de Jocomunico al Parc de Recerca\" class=\"wp-image-915\"\/><\/figure>\n<!-- \/wp:image -->\n\n<!-- wp:paragraph -->\n<p>On December 2017, I finished my <strong>PhD in Computer Science<\/strong> at the <a rel=\"noreferrer noopener\" aria-label=\"Autonomous University of Barcelona (opens in a new tab)\" href=\"https:\/\/www.uab.cat\/\" target=\"_blank\">Autonomous University of Barcelona<\/a> (UAB). During my research I specialized in the fields of <strong>Software Accessibility, Machine Translation and Augmentative and Alternative Communication<\/strong>. The title of my thesis was <em>\"From Telegraphic to Natural Language: an Expansion System in a Pictogram-Based AAC Application\"<\/em> and its <strong>full text<\/strong>, as well as its technical specs, can be found at the Spanish Government's Thesis Repository, <strong><a href=\"https:\/\/www.educacion.gob.es\/teseo\/mostrarRef.do?ref=1557705\" target=\"_blank\" rel=\"noreferrer noopener\" aria-label=\"TESEO (opens in a new tab)\">TESEO<\/a><\/strong>.<\/p>\n<!-- \/wp:paragraph -->\n\n<!-- wp:paragraph -->\n<p>In the final years of my PhD, <strong>I managed and supervised<\/strong> <strong>groups of scholar students<\/strong> (computer engineers, translators and designers) based in Barcelona and Madrid and we <strong>turned my research into a full-fledge application named <a rel=\"noreferrer noopener\" aria-label=\"Jocomunico (opens in a new tab)\" href=\"https:\/\/jocomunico.com\" target=\"_blank\">Jocomunico<\/a><\/strong>. The application automatically <strong>expands telegraphic language<\/strong> resulting from pictograms, used by people with severe speech impairments, <strong>into natural language<\/strong> sentences in Catalan and Spanish.<\/p>\n<!-- \/wp:paragraph -->\n\n<!-- wp:paragraph -->\n<p>During the development process, <strong>Jocomunico was tested by end-users<\/strong> with severe cerebral palsy and ranging degrees of intellectual disability. The <strong>results<\/strong> of the sessions are <strong>published in <a href=\"https:\/\/www.tandfonline.com\/doi\/full\/10.1080\/10400435.2017.1393844\" target=\"_blank\" rel=\"noreferrer noopener\" aria-label=\"Assistive Technology (opens in a new tab)\">Assistive Technology<\/a><\/strong>, the official journal of the Rehabilitation Engineering and Assistive Technology Society of North America (RESNA).<\/p>\n<!-- \/wp:paragraph -->\n\n<!-- wp:paragraph -->\n<p>The application is currently being <strong>used by more than 2,000 people<\/strong> at their homes, in hospitals, special education schools and care centers for disabled people, among others. You can <strong>read more<\/strong> on Jocomunico on its <strong><a href=\"\/en\/jocomunico\/\">own section<\/a><\/strong> or directly at <strong><a href=\"https:\/\/jocomunico.com\" target=\"_blank\" rel=\"noreferrer noopener\" aria-label=\"www.jocomunico.com (opens in a new tab)\">www.jocomunico.com<\/a><\/strong>.<\/p>\n<!-- \/wp:paragraph -->\n\n<!-- wp:paragraph -->\n<p>Before entering doctoral studies, I did an <strong>Erasmus Mundus International Masters<\/strong>, with an Erasmus Mundus scholarship from the European Union, in <strong>Linguistics and Natural Language Processing<\/strong>, just after gradutating from a <strong>degree in Computer Software<\/strong> by the UPC (<a href=\"https:\/\/www.upc.edu\/en\" target=\"_blank\" rel=\"noreferrer noopener\" aria-label=\"Universitat Polt\u00e8cnica de Catalunya (opens in a new tab)\">Universitat Polt\u00e8cnica de Catalunya<\/a>) with the <strong>highest average grade for the graduation class of 2010<\/strong>.<\/p>\n<!-- \/wp:paragraph -->\n\n<!-- wp:paragraph -->\n<p>Aside from Jocomunico, since starting my studies in computer science, I have been <strong>involved in managing and developing other software projects<\/strong>, such as, online stores, websites for companies and artists or mobile applications.<\/p>\n<!-- \/wp:paragraph -->","_en_post_name":"about-the-engineer","_en_post_excerpt":"","_en_post_title":"About the engineer","edit_language":"es"},"_links":{"self":[{"href":"http:\/\/joanpahisa.com\/es\/wp-json\/wp\/v2\/pages\/917"}],"collection":[{"href":"http:\/\/joanpahisa.com\/es\/wp-json\/wp\/v2\/pages"}],"about":[{"href":"http:\/\/joanpahisa.com\/es\/wp-json\/wp\/v2\/types\/page"}],"author":[{"embeddable":true,"href":"http:\/\/joanpahisa.com\/es\/wp-json\/wp\/v2\/users\/1"}],"replies":[{"embeddable":true,"href":"http:\/\/joanpahisa.com\/es\/wp-json\/wp\/v2\/comments?post=917"}],"version-history":[{"count":9,"href":"http:\/\/joanpahisa.com\/es\/wp-json\/wp\/v2\/pages\/917\/revisions"}],"predecessor-version":[{"id":1081,"href":"http:\/\/joanpahisa.com\/es\/wp-json\/wp\/v2\/pages\/917\/revisions\/1081"}],"wp:attachment":[{"href":"http:\/\/joanpahisa.com\/es\/wp-json\/wp\/v2\/media?parent=917"}],"curies":[{"name":"wp","href":"https:\/\/api.w.org\/{rel}","templated":true}]}}