{"id":280,"date":"2015-01-26T01:31:40","date_gmt":"2015-01-26T01:31:40","guid":{"rendered":"http:\/\/localhost:8888\/?page_id=280"},"modified":"2019-01-29T23:20:28","modified_gmt":"2019-01-29T23:20:28","slug":"sobre-mi-lesportista","status":"publish","type":"page","link":"http:\/\/joanpahisa.com\/es\/sobre-mi-lesportista\/","title":{"rendered":"Sobre m\u00ed, el deportista","raw":"Sobre m\u00ed, el deportista"},"content":{"rendered":"<p>Desde peque\u00f1o he practicado todo tipo de deportes. El <strong>baloncesto es mi favorito<\/strong>, bastante ir\u00f3nico \u00bfno cre\u00e9is?, y compet\u00ed durante tres a\u00f1os en el equipo de la escuela. Despu\u00e9s <strong>nataci\u00f3n a nivel federado<\/strong> durante ocho a\u00f1os y finalmente <strong>tenis de mesa<\/strong> desde los diecisiete. Todo esto lo he ido combinando con otras pr\u00e1cticas deportivas como el b\u00e1dminton, el voleibol -en el instituto-, el p\u00e1del o el <strong>ciclismo en handbike<\/strong>.<\/p>\n<p>En tenis de mesa es donde he obtenido <strong>mejores resultados<\/strong>. He entrenado durante dos a\u00f1os en el <strong>Centro de Alto Rendimiento<\/strong> (CAR) de Sant Cugat, he disputado varios <strong>campeonatos de Espa\u00f1a<\/strong>\u00a0de personas con discapacidad, donde he ganado <strong>medallas<\/strong> individuales y por equipos, y he representado a las selecciones catalana y espa\u00f1ola en <strong>opens internacionales<\/strong>. Como resultado m\u00e1s destacado, adem\u00e1s de jugar durante a\u00f1os en ligas con personas sin discapacidad, he quedado dos veces\u00a0<strong>campe\u00f3n del mundo de tenis de mesa<\/strong> en los Mundiales para Personas de Talla Baja. En agosto de 2013 en Michigan y en el de 2017 en Guelph.<\/p>\n<p>Tambi\u00e9n en 2013, recib\u00ed el <strong>Premio al Mejor Deportista de Sant Cugat<\/strong> por mis resultados en los mundiales y por mi trayectoria deportiva. Pod\u00e9is <strong>verme en acci\u00f3n<\/strong> y echar un vistazo a mi palmar\u00e9s visitando el apartado de <a href=\"\/es\/tennis-taula\/\"><strong>Tenis de mesa<\/strong><\/a>.<\/p>\n<p>A parte del tenis de mesa y de los Mundiales para Personas de Talla Baja, mi \u00faltimo reto fue <strong>terminar el <a href=\"\/es\/berlin-marathon\/\">Marat\u00f3n de Berl\u00edn en handbike<\/a><\/strong> el a\u00f1o 2016, convirti\u00e9ndome as\u00ed en la persona de menor estatura que llega a la meta.<\/p>\n","protected":false,"raw":"Desde peque\u00f1o he practicado todo tipo de deportes. El <strong>baloncesto es mi favorito<\/strong>, bastante ir\u00f3nico \u00bfno cre\u00e9is?, y compet\u00ed durante tres a\u00f1os en el equipo de la escuela. Despu\u00e9s <strong>nataci\u00f3n a nivel federado<\/strong> durante ocho a\u00f1os y finalmente <strong>tenis de mesa<\/strong> desde los diecisiete. Todo esto lo he ido combinando con otras pr\u00e1cticas deportivas como el b\u00e1dminton, el voleibol -en el instituto-, el p\u00e1del o el <strong>ciclismo en handbike<\/strong>.\n\nEn tenis de mesa es donde he obtenido <strong>mejores resultados<\/strong>. He entrenado durante dos a\u00f1os en el <strong>Centro de Alto Rendimiento<\/strong> (CAR) de Sant Cugat, he disputado varios <strong>campeonatos de Espa\u00f1a<\/strong>\u00a0de personas con discapacidad, donde he ganado <strong>medallas<\/strong> individuales y por equipos, y he representado a las selecciones catalana y espa\u00f1ola en <strong>opens internacionales<\/strong>. Como resultado m\u00e1s destacado, adem\u00e1s de jugar durante a\u00f1os en ligas con personas sin discapacidad, he quedado dos veces\u00a0<strong>campe\u00f3n del mundo de tenis de mesa<\/strong> en los Mundiales para Personas de Talla Baja. En agosto de 2013 en Michigan y en el de 2017 en Guelph.\n\nTambi\u00e9n en 2013, recib\u00ed el <strong>Premio al Mejor Deportista de Sant Cugat<\/strong> por mis resultados en los mundiales y por mi trayectoria deportiva. Pod\u00e9is <strong>verme en acci\u00f3n<\/strong> y echar un vistazo a mi palmar\u00e9s visitando el apartado de <a href=\"\/es\/tennis-taula\/\"><strong>Tenis de mesa<\/strong><\/a>.\n\nA parte del tenis de mesa y de los Mundiales para Personas de Talla Baja, mi \u00faltimo reto fue <strong>terminar el <a href=\"\/es\/berlin-marathon\/\">Marat\u00f3n de Berl\u00edn en handbike<\/a><\/strong> el a\u00f1o 2016, convirti\u00e9ndome as\u00ed en la persona de menor estatura que llega a la meta."},"excerpt":{"rendered":"","protected":false,"raw":""},"author":1,"featured_media":281,"parent":0,"menu_order":0,"comment_status":"closed","ping_status":"open","template":"","meta":{"_ca_post_content":"Des de petit he practicat tota mena d\u2019esports. El <strong>b\u00e0squet \u00e9s el meu preferit<\/strong>, for\u00e7a ir\u00f2nic tot plegat, i vaig competir-hi durant tres\u00a0anys a l'equip de l'escola. Despr\u00e9s <strong>nataci\u00f3 a nivell federat<\/strong>\u00a0durant vuit\u00a0anys i finalment <strong>tennis taula<\/strong> des dels disset. Tot aix\u00f2 ho he anat combinant amb altres pr\u00e0ctiques esportives com ara el b\u00e0dminton, el voleibol -a l\u2019institut-, el p\u00e0del o el <strong>ciclisme en handbike<\/strong>.\n\nA tennis taula \u00e9s on he obtingut <strong>millors resultats<\/strong>. He entrenat durant dos anys al <strong>CAR de Sant Cugat<\/strong>, he disputat diversos <strong>campionats d\u2019Espanya<\/strong>\u00a0de persones amb discapacitat, on he guanyat <strong>medalles<\/strong> individuals i per equips, i he representat a la selecci\u00f3 catalana i a l'espanyola en <strong>opens internacionals<\/strong>. Com a fita m\u00e9s destacada, a m\u00e9s de jugar molts anys en lligues amb persones sense discapacitat, he quedat dues vegades\u00a0<strong>campi\u00f3 del m\u00f3n de tennis taula<\/strong> als Mundials per Persones de Talla Baixa. L'agost de 2013 a Michigan i el de 2017 a Guelph.\n\nTamb\u00e9 el 2013, vaig rebre el <strong>Premi al Millor Esportista de Sant Cugat<\/strong> pels meus resultats als mundials i per la meva traject\u00f2ria esportiva. Podeu <strong>veure'm en acci\u00f3<\/strong> i fer un cop d'ull al meu palmar\u00e8s visitant l'apartat de <a href=\"\/tennis-taula\/\"><strong>Tennis Taula<\/strong><\/a>.\n\nA part del tennis taula i dels Mundials per Persones de Talla Baixa, el meu \u00faltim repte va ser <strong>acabar la Marat\u00f3 de <a href=\"\/berlin-marathon\/\">Berlin amb handbike<\/a><\/strong> l'any 2016 i convertir-me en la persona m\u00e9s baixa d'haver arribat a la meta.","_ca_post_name":"sobre-mi-lesportista","_ca_post_excerpt":"","_ca_post_title":"Sobre mi, l'esportista","_es_post_content":"Desde peque\u00f1o he practicado todo tipo de deportes. El <strong>baloncesto es mi favorito<\/strong>, bastante ir\u00f3nico \u00bfno cre\u00e9is?, y compet\u00ed durante tres a\u00f1os en el equipo de la escuela. Despu\u00e9s <strong>nataci\u00f3n a nivel federado<\/strong> durante ocho a\u00f1os y finalmente <strong>tenis de mesa<\/strong> desde los diecisiete. Todo esto lo he ido combinando con otras pr\u00e1cticas deportivas como el b\u00e1dminton, el voleibol -en el instituto-, el p\u00e1del o el <strong>ciclismo en handbike<\/strong>.\n\nEn tenis de mesa es donde he obtenido <strong>mejores resultados<\/strong>. He entrenado durante dos a\u00f1os en el <strong>Centro de Alto Rendimiento<\/strong> (CAR) de Sant Cugat, he disputado varios <strong>campeonatos de Espa\u00f1a<\/strong>\u00a0de personas con discapacidad, donde he ganado <strong>medallas<\/strong> individuales y por equipos, y he representado a las selecciones catalana y espa\u00f1ola en <strong>opens internacionales<\/strong>. Como resultado m\u00e1s destacado, adem\u00e1s de jugar durante a\u00f1os en ligas con personas sin discapacidad, he quedado dos veces\u00a0<strong>campe\u00f3n del mundo de tenis de mesa<\/strong> en los Mundiales para Personas de Talla Baja. En agosto de 2013 en Michigan y en el de 2017 en Guelph.\n\nTambi\u00e9n en 2013, recib\u00ed el <strong>Premio al Mejor Deportista de Sant Cugat<\/strong> por mis resultados en los mundiales y por mi trayectoria deportiva. Pod\u00e9is <strong>verme en acci\u00f3n<\/strong> y echar un vistazo a mi palmar\u00e9s visitando el apartado de <a href=\"\/es\/tennis-taula\/\"><strong>Tenis de mesa<\/strong><\/a>.\n\nA parte del tenis de mesa y de los Mundiales para Personas de Talla Baja, mi \u00faltimo reto fue <strong>terminar el <a href=\"\/es\/berlin-marathon\/\">Marat\u00f3n de Berl\u00edn en handbike<\/a><\/strong> el a\u00f1o 2016, convirti\u00e9ndome as\u00ed en la persona de menor estatura que llega a la meta.","_es_post_name":"sobre-mi-lesportista","_es_post_excerpt":"","_es_post_title":"Sobre m\u00ed, el deportista","_en_post_content":"<!-- wp:paragraph -->\n<p>Since I was a child, I've practiced all kind of sports. Of all, <strong>basketball is my favourite<\/strong> -kind of ironic, isn't it- and I played it in competitions for three years with my primary school's team. Afterwards, I did <strong>swimming competitively<\/strong> for 8 years and, finally, I got to <strong>table tennis<\/strong> once I was seventeen up until now. In the meantime, I've combined these sports with others, such as, badminton, volleyball -during high school-, paddle or <strong>handcycling<\/strong>. <\/p>\n<!-- \/wp:paragraph -->\n\n<!-- wp:paragraph -->\n<p>Nevertheless, at table tennis is where I got <strong>better results<\/strong>. I trained for two years at a <strong>High Performance Center<\/strong>, competed at several <strong>Spanish National Championships<\/strong> for disabled people, where I've won <strong>medals<\/strong> both in singles and teams, and I was part of the Catalan and the Spanish National Teams at <strong>international opens<\/strong>. My biggest accomplishment, aside from playing for years in leagues with people without disabilities, has been being <strong>double world champion<\/strong> at the World Dwarf Games, in Michigan 2013 and Guelph 2017.<\/p>\n<!-- \/wp:paragraph -->\n\n<!-- wp:paragraph -->\n<p>Also, in 2013, I received the <strong>Award to the Best Athlete of Sant Cugat<\/strong> thanks to my results at the World Dwarf Games and to my sporting career path. You can <strong>watch me playing<\/strong> and see my list of awards at the <strong><a href=\"\/en\/tennis-taula\/\">Table Tennis<\/a><\/strong> section. <\/p>\n<!-- \/wp:paragraph -->\n\n<!-- wp:paragraph -->\n<p>Aside from table tennis and the World Dwarf Games, my latest achievement has been <strong>completing the <a href=\"\/en\/berlin-marathon\/\">Berlin Marathon on a handbike<\/a><\/strong> in 2016 and becoming the <strong>shortest person<\/strong> ever to reach the finishing line.<\/p>\n<!-- \/wp:paragraph -->","_en_post_name":"","_en_post_excerpt":"","_en_post_title":"About me, the athlete","edit_language":"es"},"_links":{"self":[{"href":"http:\/\/joanpahisa.com\/es\/wp-json\/wp\/v2\/pages\/280"}],"collection":[{"href":"http:\/\/joanpahisa.com\/es\/wp-json\/wp\/v2\/pages"}],"about":[{"href":"http:\/\/joanpahisa.com\/es\/wp-json\/wp\/v2\/types\/page"}],"author":[{"embeddable":true,"href":"http:\/\/joanpahisa.com\/es\/wp-json\/wp\/v2\/users\/1"}],"replies":[{"embeddable":true,"href":"http:\/\/joanpahisa.com\/es\/wp-json\/wp\/v2\/comments?post=280"}],"version-history":[{"count":16,"href":"http:\/\/joanpahisa.com\/es\/wp-json\/wp\/v2\/pages\/280\/revisions"}],"predecessor-version":[{"id":622,"href":"http:\/\/joanpahisa.com\/es\/wp-json\/wp\/v2\/pages\/280\/revisions\/622"}],"wp:featuredmedia":[{"embeddable":true,"href":"http:\/\/joanpahisa.com\/es\/wp-json\/wp\/v2\/media\/281"}],"wp:attachment":[{"href":"http:\/\/joanpahisa.com\/es\/wp-json\/wp\/v2\/media?parent=280"}],"curies":[{"name":"wp","href":"https:\/\/api.w.org\/{rel}","templated":true}]}}